{"id":1189,"date":"2022-03-21T17:57:47","date_gmt":"2022-03-21T16:57:47","guid":{"rendered":"https:\/\/passarin-ophtalmologie-enfants.ch\/appointment\/"},"modified":"2023-12-08T13:52:57","modified_gmt":"2023-12-08T12:52:57","slug":"appointment","status":"publish","type":"page","link":"https:\/\/passarin-ophtalmologie-enfants.ch\/en\/appointment\/","title":{"rendered":"Appointment"},"content":{"rendered":"\t\t<div data-elementor-type=\"wp-page\" data-elementor-id=\"1189\" class=\"elementor elementor-1189 elementor-1109\">\n\t\t\t\t\t\t\t\t\t<section class=\"elementor-section elementor-top-section elementor-element elementor-element-51c557fb elementor-section-height-min-height elementor-section-items-stretch elementor-section-stretched elementor-section-boxed elementor-section-height-default\" data-id=\"51c557fb\" data-element_type=\"section\" data-settings=\"{&quot;background_background&quot;:&quot;classic&quot;,&quot;background_motion_fx_translateY_effect&quot;:&quot;yes&quot;,&quot;stretch_section&quot;:&quot;section-stretched&quot;,&quot;background_motion_fx_motion_fx_scrolling&quot;:&quot;yes&quot;,&quot;background_motion_fx_translateY_speed&quot;:{&quot;unit&quot;:&quot;px&quot;,&quot;size&quot;:4,&quot;sizes&quot;:[]},&quot;background_motion_fx_translateY_affectedRange&quot;:{&quot;unit&quot;:&quot;%&quot;,&quot;size&quot;:&quot;&quot;,&quot;sizes&quot;:{&quot;start&quot;:0,&quot;end&quot;:100}},&quot;background_motion_fx_devices&quot;:[&quot;desktop&quot;,&quot;tablet&quot;,&quot;mobile&quot;]}\">\n\t\t\t\t\t\t\t<div class=\"elementor-background-overlay\"><\/div>\n\t\t\t\t\t\t\t<div class=\"elementor-container elementor-column-gap-default\">\n\t\t\t\t\t<div class=\"elementor-column elementor-col-100 elementor-top-column elementor-element elementor-element-29720572 elementor-invisible\" data-id=\"29720572\" data-element_type=\"column\" data-settings=\"{&quot;animation&quot;:&quot;fadeInLeft&quot;}\">\n\t\t\t<div class=\"elementor-widget-wrap elementor-element-populated\">\n\t\t\t\t\t\t\t\t<div class=\"elementor-element elementor-element-3714ddb0 elementor-widget elementor-widget-heading\" data-id=\"3714ddb0\" data-element_type=\"widget\" data-widget_type=\"heading.default\">\n\t\t\t\t<div class=\"elementor-widget-container\">\n\t\t\t<style>\/*! elementor - v3.8.0 - 30-10-2022 *\/\n.elementor-heading-title{padding:0;margin:0;line-height:1}.elementor-widget-heading .elementor-heading-title[class*=elementor-size-]>a{color:inherit;font-size:inherit;line-height:inherit}.elementor-widget-heading .elementor-heading-title.elementor-size-small{font-size:15px}.elementor-widget-heading .elementor-heading-title.elementor-size-medium{font-size:19px}.elementor-widget-heading .elementor-heading-title.elementor-size-large{font-size:29px}.elementor-widget-heading .elementor-heading-title.elementor-size-xl{font-size:39px}.elementor-widget-heading .elementor-heading-title.elementor-size-xxl{font-size:59px}<\/style><h1 class=\"elementor-heading-title elementor-size-default\">Appointment - contact<\/h1>\t\t<\/div>\n\t\t\t\t<\/div>\n\t\t\t\t\t<\/div>\n\t\t<\/div>\n\t\t\t\t\t\t\t<\/div>\n\t\t<\/section>\n\t\t\t\t<section class=\"elementor-section elementor-top-section elementor-element elementor-element-7f0abaf elementor-section-height-min-height elementor-section-items-top elementor-section-boxed elementor-section-height-default\" data-id=\"7f0abaf\" data-element_type=\"section\" id=\"depistage\" data-settings=\"{&quot;background_background&quot;:&quot;classic&quot;}\">\n\t\t\t\t\t\t<div class=\"elementor-container elementor-column-gap-default\">\n\t\t\t\t\t<div class=\"elementor-column elementor-col-100 elementor-top-column elementor-element elementor-element-538c350\" data-id=\"538c350\" data-element_type=\"column\" data-settings=\"{&quot;background_background&quot;:&quot;classic&quot;}\">\n\t\t\t<div class=\"elementor-widget-wrap elementor-element-populated\">\n\t\t\t\t\t\t\t\t<div class=\"elementor-element elementor-element-7b06aca elementor-widget elementor-widget-heading\" data-id=\"7b06aca\" data-element_type=\"widget\" data-widget_type=\"heading.default\">\n\t\t\t\t<div class=\"elementor-widget-container\">\n\t\t\t<h2 class=\"elementor-heading-title elementor-size-default\">Agenda One Doc<\/h2>\t\t<\/div>\n\t\t\t\t<\/div>\n\t\t\t\t<div class=\"elementor-element elementor-element-c106e6a elementor-widget elementor-widget-text-editor\" data-id=\"c106e6a\" data-element_type=\"widget\" data-widget_type=\"text-editor.default\">\n\t\t\t\t<div class=\"elementor-widget-container\">\n\t\t\t<style>\/*! elementor - v3.8.0 - 30-10-2022 *\/\n.elementor-widget-text-editor.elementor-drop-cap-view-stacked .elementor-drop-cap{background-color:#818a91;color:#fff}.elementor-widget-text-editor.elementor-drop-cap-view-framed .elementor-drop-cap{color:#818a91;border:3px solid;background-color:transparent}.elementor-widget-text-editor:not(.elementor-drop-cap-view-default) .elementor-drop-cap{margin-top:8px}.elementor-widget-text-editor:not(.elementor-drop-cap-view-default) .elementor-drop-cap-letter{width:1em;height:1em}.elementor-widget-text-editor .elementor-drop-cap{float:left;text-align:center;line-height:1;font-size:50px}.elementor-widget-text-editor .elementor-drop-cap-letter{display:inline-block}<\/style>\t\t\t\t<p>For a child from 0 to 4 years: only in Lausanne by phone: <strong><a href=\"tel:0041213126666\">0041 (0)21 312 66 66<\/a><\/strong><\/p><p><strong>Languages spoken at the practice: fran\u00e7ais, english, italiano, portugu\u00eas, espa\u00f1ol, \u0639\u0631\u0628\u064a<\/strong><\/p>\t\t\t\t\t\t<\/div>\n\t\t\t\t<\/div>\n\t\t\t\t<div class=\"elementor-element elementor-element-533a1f4 elementor-widget elementor-widget-html\" data-id=\"533a1f4\" data-element_type=\"widget\" data-widget_type=\"html.default\">\n\t\t\t\t<div class=\"elementor-widget-container\">\n\t\t\t<script>window.addEventListener(\"message\",function(t){var e=t.data[\"od-widget-id\"],d=t.data[\"od-widget-height\"],a=t.data[\"od-widget-ios\"];if(e){var i=document.getElementById(\"od-widget-\"+e);d&&(i.style.height=d+\"px\"),!0===a&&(i.style.width=\"100px\",i.style[\"min-width\"]=\"100%\",i.scrolling=\"no\")}}),window.addEventListener(\"load\",function(t){for(var e=document.querySelectorAll(\"iframe.od-widget\"),d=0;d<e.length;d++){var a=e[d];a.dataset&&a.dataset.src&&(a.src=a.dataset.src)}});<\/script><iframe class=\"od-widget\" id=\"od-widget-d841f792f25a1dd51b82ee4e1e59915a59415b483a7d4726f4d71e31766ed8ba\" src=\"about:blank\" data-src=\"https:\/\/www.onedoc.ch\/fr\/widget\/d841f792f25a1dd51b82ee4e1e59915a59415b483a7d4726f4d71e31766ed8ba\" frameborder=\"0\" style=\"width:100%;max-width:1024px;height:400px\"><\/iframe>\n\t\t<\/div>\n\t\t\t\t<\/div>\n\t\t\t\t<section class=\"elementor-section elementor-inner-section elementor-element elementor-element-de6c85e elementor-section-height-min-height elementor-section-boxed elementor-section-height-default elementor-invisible\" data-id=\"de6c85e\" data-element_type=\"section\" id=\"telephone\" data-settings=\"{&quot;background_background&quot;:&quot;classic&quot;,&quot;animation&quot;:&quot;fadeInUp&quot;}\">\n\t\t\t\t\t\t<div class=\"elementor-container elementor-column-gap-default\">\n\t\t\t\t\t<div class=\"elementor-column elementor-col-33 elementor-inner-column elementor-element elementor-element-7586907\" data-id=\"7586907\" data-element_type=\"column\" data-settings=\"{&quot;background_background&quot;:&quot;classic&quot;}\">\n\t\t\t<div class=\"elementor-widget-wrap elementor-element-populated\">\n\t\t\t\t\t\t\t\t<div class=\"elementor-element elementor-element-141a5d7 elementor-widget__width-auto elementor-view-default elementor-widget elementor-widget-icon\" data-id=\"141a5d7\" data-element_type=\"widget\" data-widget_type=\"icon.default\">\n\t\t\t\t<div class=\"elementor-widget-container\">\n\t\t\t\t\t<div class=\"elementor-icon-wrapper\">\n\t\t\t<div class=\"elementor-icon\">\n\t\t\t<svg xmlns=\"http:\/\/www.w3.org\/2000\/svg\" xmlns:xlink=\"http:\/\/www.w3.org\/1999\/xlink\" id=\"Calque_1\" data-name=\"Calque 1\" viewBox=\"0 0 64 64\"><defs><style>.cls-1{fill:url(#D\u00e9grad\u00e9_sans_nom_6);}<\/style><linearGradient id=\"D&#xE9;grad&#xE9;_sans_nom_6\" x1=\"32\" y1=\"57.26\" x2=\"32\" y2=\"7.16\" gradientUnits=\"userSpaceOnUse\"><stop offset=\"0\" stop-color=\"#ffd6d6\"><\/stop><stop offset=\"1\" stop-color=\"#45c5b0\"><\/stop><\/linearGradient><\/defs><path class=\"cls-1\" d=\"M51.69,24.09A19.69,19.69,0,1,0,25.54,42.68L32.3,59.6l6.86-17.18A19.67,19.67,0,0,0,51.69,24.09ZM32,17.53a6.57,6.57,0,1,1-6.56,6.56A6.56,6.56,0,0,1,32,17.53Z\"><\/path><\/svg>\t\t\t<\/div>\n\t\t<\/div>\n\t\t\t\t<\/div>\n\t\t\t\t<\/div>\n\t\t\t\t\t<\/div>\n\t\t<\/div>\n\t\t\t\t<div class=\"elementor-column elementor-col-33 elementor-inner-column elementor-element elementor-element-bde9b3b\" data-id=\"bde9b3b\" data-element_type=\"column\">\n\t\t\t<div class=\"elementor-widget-wrap elementor-element-populated\">\n\t\t\t\t\t\t\t\t<div class=\"elementor-element elementor-element-10fc9b7 elementor-widget elementor-widget-heading\" data-id=\"10fc9b7\" data-element_type=\"widget\" data-widget_type=\"heading.default\">\n\t\t\t\t<div class=\"elementor-widget-container\">\n\t\t\t<h2 class=\"elementor-heading-title elementor-size-default\">Lausanne<\/h2>\t\t<\/div>\n\t\t\t\t<\/div>\n\t\t\t\t<div class=\"elementor-element elementor-element-70a0ba1 elementor-mobile-align-center elementor-icon-list--layout-traditional elementor-list-item-link-full_width elementor-widget elementor-widget-icon-list\" data-id=\"70a0ba1\" data-element_type=\"widget\" data-widget_type=\"icon-list.default\">\n\t\t\t\t<div class=\"elementor-widget-container\">\n\t\t\t<link rel=\"stylesheet\" href=\"https:\/\/passarin-ophtalmologie-enfants.ch\/wp-content\/plugins\/elementor\/assets\/css\/widget-icon-list.min.css\">\t\t<ul class=\"elementor-icon-list-items\">\n\t\t\t\t\t\t\t<li class=\"elementor-icon-list-item\">\n\t\t\t\t\t\t\t\t\t\t\t<a href=\"https:\/\/goo.gl\/maps\/g38q4sDZV6tsGgcu6\" target=\"_blank\" rel=\"noopener\">\n\n\t\t\t\t\t\t\t\t\t\t\t\t<span class=\"elementor-icon-list-icon\">\n\t\t\t\t\t\t\t<svg xmlns=\"http:\/\/www.w3.org\/2000\/svg\" id=\"Calque_1\" data-name=\"Calque 1\" viewBox=\"0 0 64 64\"><path d=\"M51.69,24.09A19.69,19.69,0,1,0,25.54,42.68L32.3,59.6l6.86-17.18A19.67,19.67,0,0,0,51.69,24.09ZM32,17.53a6.57,6.57,0,1,1-6.56,6.56A6.56,6.56,0,0,1,32,17.53Z\"><\/path><\/svg>\t\t\t\t\t\t<\/span>\n\t\t\t\t\t\t\t\t\t\t<span class=\"elementor-icon-list-text\">Avenue de la Gare 52, 1003, Lausanne<\/span>\n\t\t\t\t\t\t\t\t\t\t\t<\/a>\n\t\t\t\t\t\t\t\t\t<\/li>\n\t\t\t\t\t\t<\/ul>\n\t\t\t\t<\/div>\n\t\t\t\t<\/div>\n\t\t\t\t<div class=\"elementor-element elementor-element-aa2dc45 elementor-mobile-align-center elementor-icon-list--layout-traditional elementor-list-item-link-full_width elementor-widget elementor-widget-icon-list\" data-id=\"aa2dc45\" data-element_type=\"widget\" data-widget_type=\"icon-list.default\">\n\t\t\t\t<div class=\"elementor-widget-container\">\n\t\t\t\t\t<ul class=\"elementor-icon-list-items\">\n\t\t\t\t\t\t\t<li class=\"elementor-icon-list-item\">\n\t\t\t\t\t\t\t\t\t\t\t<a href=\"tel:0041223126666\">\n\n\t\t\t\t\t\t\t\t\t\t\t\t<span class=\"elementor-icon-list-icon\">\n\t\t\t\t\t\t\t<svg xmlns=\"http:\/\/www.w3.org\/2000\/svg\" id=\"Calque_1\" data-name=\"Calque 1\" viewBox=\"0 0 64 64\"><path d=\"M28.69,35.31l5.8,5.8a1.65,1.65,0,0,0,2,.29l6.95-3.73a1.65,1.65,0,0,1,1.64,0l10.14,6a1.66,1.66,0,0,1,.68,2.1c-.87,2-2.45,5.59-3.07,7.19a2.3,2.3,0,0,1-.6.88C45.43,59.75,32,52.61,21.68,42.31S4.25,18.57,10.11,11.81a2.23,2.23,0,0,1,.88-.6c1.6-.62,5.22-2.2,7.19-3.07a1.66,1.66,0,0,1,2.1.68l6,10.14a1.65,1.65,0,0,1,0,1.64l-3.73,7a1.65,1.65,0,0,0,.29,2Z\"><\/path><path d=\"M56,34.4H51.2A21.62,21.62,0,0,0,29.6,12.8V8A26.43,26.43,0,0,1,56,34.4Z\"><\/path><path d=\"M46.67,34.4h-4.8A12.29,12.29,0,0,0,29.6,22.13v-4.8A17.09,17.09,0,0,1,46.67,34.4Z\"><\/path><\/svg>\t\t\t\t\t\t<\/span>\n\t\t\t\t\t\t\t\t\t\t<span class=\"elementor-icon-list-text\"><strong>+41 (0)21 312 66 66<\/strong><\/span>\n\t\t\t\t\t\t\t\t\t\t\t<\/a>\n\t\t\t\t\t\t\t\t\t<\/li>\n\t\t\t\t\t\t\t\t<li class=\"elementor-icon-list-item\">\n\t\t\t\t\t\t\t\t\t\t\t<a href=\"tel:0041223127979\">\n\n\t\t\t\t\t\t\t\t\t\t\t\t<span class=\"elementor-icon-list-icon\">\n\t\t\t\t\t\t\t<svg xmlns=\"http:\/\/www.w3.org\/2000\/svg\" id=\"Calque_1\" data-name=\"Calque 1\" viewBox=\"0 0 64 64\"><path d=\"M28.69,35.31l5.8,5.8a1.65,1.65,0,0,0,2,.29l6.95-3.73a1.65,1.65,0,0,1,1.64,0l10.14,6a1.66,1.66,0,0,1,.68,2.1c-.87,2-2.45,5.59-3.07,7.19a2.3,2.3,0,0,1-.6.88C45.43,59.75,32,52.61,21.68,42.31S4.25,18.57,10.11,11.81a2.23,2.23,0,0,1,.88-.6c1.6-.62,5.22-2.2,7.19-3.07a1.66,1.66,0,0,1,2.1.68l6,10.14a1.65,1.65,0,0,1,0,1.64l-3.73,7a1.65,1.65,0,0,0,.29,2Z\"><\/path><path d=\"M56,34.4H51.2A21.62,21.62,0,0,0,29.6,12.8V8A26.43,26.43,0,0,1,56,34.4Z\"><\/path><path d=\"M46.67,34.4h-4.8A12.29,12.29,0,0,0,29.6,22.13v-4.8A17.09,17.09,0,0,1,46.67,34.4Z\"><\/path><\/svg>\t\t\t\t\t\t<\/span>\n\t\t\t\t\t\t\t\t\t\t<span class=\"elementor-icon-list-text\">+41 (0)21 312 79 79<\/span>\n\t\t\t\t\t\t\t\t\t\t\t<\/a>\n\t\t\t\t\t\t\t\t\t<\/li>\n\t\t\t\t\t\t\t\t<li class=\"elementor-icon-list-item\">\n\t\t\t\t\t\t\t\t\t\t\t<a href=\"mailto:secretariat.passarin@svmed-hin.ch\">\n\n\t\t\t\t\t\t\t\t\t\t\t\t<span class=\"elementor-icon-list-icon\">\n\t\t\t\t\t\t\t<svg xmlns=\"http:\/\/www.w3.org\/2000\/svg\" id=\"Calque_1\" data-name=\"Calque 1\" viewBox=\"0 0 64 64\"><path d=\"M6.5,12.5a4.52,4.52,0,0,0-2.39.7L29.8,35.63a3.11,3.11,0,0,0,4.36,0L59.89,13.18a4.51,4.51,0,0,0-2.39-.68ZM2.26,15.55A4.33,4.33,0,0,0,2,17V47a4.49,4.49,0,0,0,4.5,4.5h51A4.49,4.49,0,0,0,62,47V17a4.33,4.33,0,0,0-.26-1.45L36.12,37.91a6.28,6.28,0,0,1-8.29,0Z\"><\/path><\/svg>\t\t\t\t\t\t<\/span>\n\t\t\t\t\t\t\t\t\t\t<span class=\"elementor-icon-list-text\">secretariat.passarin@svmed-hin.ch<\/span>\n\t\t\t\t\t\t\t\t\t\t\t<\/a>\n\t\t\t\t\t\t\t\t\t<\/li>\n\t\t\t\t\t\t<\/ul>\n\t\t\t\t<\/div>\n\t\t\t\t<\/div>\n\t\t\t\t\t<\/div>\n\t\t<\/div>\n\t\t\t\t<div class=\"elementor-column elementor-col-33 elementor-inner-column elementor-element elementor-element-10acd4d\" data-id=\"10acd4d\" data-element_type=\"column\">\n\t\t\t<div class=\"elementor-widget-wrap elementor-element-populated\">\n\t\t\t\t\t\t\t\t<div class=\"elementor-element elementor-element-1100eda elementor-icon-list--layout-traditional elementor-list-item-link-full_width elementor-widget elementor-widget-icon-list\" data-id=\"1100eda\" data-element_type=\"widget\" data-widget_type=\"icon-list.default\">\n\t\t\t\t<div class=\"elementor-widget-container\">\n\t\t\t\t\t<ul class=\"elementor-icon-list-items\">\n\t\t\t\t\t\t\t<li class=\"elementor-icon-list-item\">\n\t\t\t\t\t\t\t\t\t\t\t<span class=\"elementor-icon-list-icon\">\n\t\t\t\t\t\t\t<i aria-hidden=\"true\" class=\"fas fa-check\"><\/i>\t\t\t\t\t\t<\/span>\n\t\t\t\t\t\t\t\t\t\t<span class=\"elementor-icon-list-text\">Orthoptic assessment<\/span>\n\t\t\t\t\t\t\t\t\t<\/li>\n\t\t\t\t\t\t\t\t<li class=\"elementor-icon-list-item\">\n\t\t\t\t\t\t\t\t\t\t\t<span class=\"elementor-icon-list-icon\">\n\t\t\t\t\t\t\t<i aria-hidden=\"true\" class=\"fas fa-check\"><\/i>\t\t\t\t\t\t<\/span>\n\t\t\t\t\t\t\t\t\t\t<span class=\"elementor-icon-list-text\">Visual assessment for learning disabilities <\/span>\n\t\t\t\t\t\t\t\t\t<\/li>\n\t\t\t\t\t\t\t\t<li class=\"elementor-icon-list-item\">\n\t\t\t\t\t\t\t\t\t\t\t<span class=\"elementor-icon-list-icon\">\n\t\t\t\t\t\t\t<i aria-hidden=\"true\" class=\"fas fa-check\"><\/i>\t\t\t\t\t\t<\/span>\n\t\t\t\t\t\t\t\t\t\t<span class=\"elementor-icon-list-text\">Emergencies available every day by telephone.<\/span>\n\t\t\t\t\t\t\t\t\t<\/li>\n\t\t\t\t\t\t<\/ul>\n\t\t\t\t<\/div>\n\t\t\t\t<\/div>\n\t\t\t\t\t<\/div>\n\t\t<\/div>\n\t\t\t\t\t\t\t<\/div>\n\t\t<\/section>\n\t\t\t\t<div class=\"elementor-element elementor-element-b2033ba elementor-tablet-align-center elementor-mobile-align-left elementor-align-center elementor-icon-list--layout-traditional elementor-list-item-link-full_width elementor-widget elementor-widget-icon-list\" data-id=\"b2033ba\" data-element_type=\"widget\" data-settings=\"{&quot;_animation&quot;:&quot;none&quot;}\" data-widget_type=\"icon-list.default\">\n\t\t\t\t<div class=\"elementor-widget-container\">\n\t\t\t\t\t<ul class=\"elementor-icon-list-items\">\n\t\t\t\t\t\t\t<li class=\"elementor-icon-list-item\">\n\t\t\t\t\t\t\t\t\t\t\t<a href=\"https:\/\/passarin-ophtalmologie-enfants.ch\/en\/contact\/#geneve\">\n\n\t\t\t\t\t\t\t\t\t\t\t\t<span class=\"elementor-icon-list-icon\">\n\t\t\t\t\t\t\t<svg xmlns=\"http:\/\/www.w3.org\/2000\/svg\" id=\"Calque_1\" data-name=\"Calque 1\" viewBox=\"0 0 64 64\"><path d=\"M51.69,24.09A19.69,19.69,0,1,0,25.54,42.68L32.3,59.6l6.86-17.18A19.67,19.67,0,0,0,51.69,24.09ZM32,17.53a6.57,6.57,0,1,1-6.56,6.56A6.56,6.56,0,0,1,32,17.53Z\"><\/path><\/svg>\t\t\t\t\t\t<\/span>\n\t\t\t\t\t\t\t\t\t\t<span class=\"elementor-icon-list-text\">Consultation also available in Geneva<\/span>\n\t\t\t\t\t\t\t\t\t\t\t<\/a>\n\t\t\t\t\t\t\t\t\t<\/li>\n\t\t\t\t\t\t<\/ul>\n\t\t\t\t<\/div>\n\t\t\t\t<\/div>\n\t\t\t\t\t<\/div>\n\t\t<\/div>\n\t\t\t\t\t\t\t<\/div>\n\t\t<\/section>\n\t\t\t\t\t\t\t<\/div>\n\t\t","protected":false},"excerpt":{"rendered":"<p>Appointment &#8211; contact Agenda One Doc For a child from 0 to 4 years: only in Lausanne by phone: 0041 (0)21 312 66 66 Languages spoken at the practice: fran\u00e7ais, english, italiano, portugu\u00eas, espa\u00f1ol, \u0639\u0631\u0628\u064a Lausanne Avenue de la Gare 52, 1003, Lausanne +41 (0)21 312 66 66 +41 (0)21 312 79 79 secretariat.passarin@svmed-hin.ch Orthoptic [&hellip;]<\/p>\n","protected":false},"author":1,"featured_media":0,"parent":0,"menu_order":0,"comment_status":"closed","ping_status":"closed","template":"","meta":{"footnotes":""},"class_list":["post-1189","page","type-page","status-publish","hentry"],"_links":{"self":[{"href":"https:\/\/passarin-ophtalmologie-enfants.ch\/en\/wp-json\/wp\/v2\/pages\/1189","targetHints":{"allow":["GET"]}}],"collection":[{"href":"https:\/\/passarin-ophtalmologie-enfants.ch\/en\/wp-json\/wp\/v2\/pages"}],"about":[{"href":"https:\/\/passarin-ophtalmologie-enfants.ch\/en\/wp-json\/wp\/v2\/types\/page"}],"author":[{"embeddable":true,"href":"https:\/\/passarin-ophtalmologie-enfants.ch\/en\/wp-json\/wp\/v2\/users\/1"}],"replies":[{"embeddable":true,"href":"https:\/\/passarin-ophtalmologie-enfants.ch\/en\/wp-json\/wp\/v2\/comments?post=1189"}],"version-history":[{"count":13,"href":"https:\/\/passarin-ophtalmologie-enfants.ch\/en\/wp-json\/wp\/v2\/pages\/1189\/revisions"}],"predecessor-version":[{"id":1496,"href":"https:\/\/passarin-ophtalmologie-enfants.ch\/en\/wp-json\/wp\/v2\/pages\/1189\/revisions\/1496"}],"wp:attachment":[{"href":"https:\/\/passarin-ophtalmologie-enfants.ch\/en\/wp-json\/wp\/v2\/media?parent=1189"}],"curies":[{"name":"wp","href":"https:\/\/api.w.org\/{rel}","templated":true}]}}